{"id":11,"date":"2025-09-21T00:24:01","date_gmt":"2025-09-21T00:24:01","guid":{"rendered":"https:\/\/myggroup.cl\/nuevo\/?page_id=11"},"modified":"2025-09-21T02:48:03","modified_gmt":"2025-09-21T02:48:03","slug":"acerca-de","status":"publish","type":"page","link":"https:\/\/myggroup.cl\/index.php\/acerca-de\/","title":{"rendered":"Sobre nosotros"},"content":{"rendered":"\n<div class=\"wp-block-cover alignfull\" style=\"min-height:320px;aspect-ratio:unset;\"><span aria-hidden=\"true\" class=\"wp-block-cover__background has-nv-site-bg-background-color has-background-dim-100 has-background-dim\"><\/span><div class=\"wp-block-cover__inner-container is-layout-flow wp-block-cover-is-layout-flow\">\n<div class=\"wp-block-group\" style=\"padding-right:var(--wp--preset--spacing--30);padding-left:var(--wp--preset--spacing--30)\"><div class=\"wp-block-group__inner-container is-layout-flow wp-block-group-is-layout-flow\">\n<h1 class=\"wp-block-heading has-text-align-left has-neve-text-color-color has-nv-light-bg-background-color has-text-color has-background has-large-font-size\">Quienes somos<\/h1>\n<\/div><\/div>\n<\/div><\/div>\n\n\n\n<div class=\"wp-block-cover alignfull\" style=\"min-height:600px;aspect-ratio:unset;\"><span aria-hidden=\"true\" class=\"wp-block-cover__background has-nv-light-bg-background-color has-background-dim-100 has-background-dim\"><\/span><div class=\"wp-block-cover__inner-container is-layout-flow wp-block-cover-is-layout-flow\">\n<div class=\"wp-block-group\"><div class=\"wp-block-group__inner-container is-layout-flow wp-block-group-is-layout-flow\">\n<div style=\"height:80px\" aria-hidden=\"true\" class=\"wp-block-spacer\"><\/div>\n\n\n\n<div class=\"wp-block-columns are-vertically-aligned-center has-neve-text-color-color has-text-color is-layout-flex wp-container-core-columns-is-layout-9d6595d7 wp-block-columns-is-layout-flex\">\n<div class=\"wp-block-column is-vertically-aligned-center is-layout-flow wp-block-column-is-layout-flow\" style=\"padding-right:var(--wp--preset--spacing--30);padding-left:var(--wp--preset--spacing--30);flex-basis:50%\">\n<figure class=\"wp-block-image size-full has-custom-border\"><img loading=\"lazy\" decoding=\"async\" width=\"500\" height=\"500\" src=\"https:\/\/myggroup.cl\/wp-content\/uploads\/2025\/09\/Diseno-sin-titulo-19-2.png\" alt=\"\" class=\"wp-image-36\" style=\"border-radius:16px\" srcset=\"https:\/\/myggroup.cl\/wp-content\/uploads\/2025\/09\/Diseno-sin-titulo-19-2.png 500w, https:\/\/myggroup.cl\/wp-content\/uploads\/2025\/09\/Diseno-sin-titulo-19-2-300x300.png 300w, https:\/\/myggroup.cl\/wp-content\/uploads\/2025\/09\/Diseno-sin-titulo-19-2-150x150.png 150w\" sizes=\"auto, (max-width: 500px) 100vw, 500px\" \/><\/figure>\n<\/div>\n\n\n\n<div class=\"wp-block-column is-vertically-aligned-center is-layout-flow wp-block-column-is-layout-flow\" style=\"padding-top:0;padding-right:var(--wp--preset--spacing--30);padding-bottom:0;padding-left:var(--wp--preset--spacing--30);flex-basis:50%\">\n<h2 class=\"wp-block-heading has-neve-text-color-color has-text-color\">M&amp;G Group<\/h2>\n\n\n\n<p class=\"has-text-align-left has-neve-text-color-color has-text-color\">Empresa de servicios transitorios y parte del holding \u201cM&amp;G Group\u201d, surge para dar respuesta a las diversas necesidades del sector financiero y de la industria en general, ofreciendo apoyo estrat\u00e9gico en la gesti\u00f3n de capital humano.<\/p>\n\n\n\n<p class=\"has-text-align-left has-neve-text-color-color has-text-color\">Nos distingue un <strong>valor agregado basado en la innovaci\u00f3n, la eficiencia y la confianza<\/strong>, que nos posiciona como una organizaci\u00f3n capaz de ofrecer <strong>respuestas inmediatas<\/strong>, adapt\u00e1ndonos a las necesidades espec\u00edficas de cada cliente y generando relaciones s\u00f3lidas con quienes han confiado en nosotros.<\/p>\n<\/div>\n<\/div>\n\n\n\n<div style=\"height:40px\" aria-hidden=\"true\" class=\"wp-block-spacer\"><\/div>\n<\/div><\/div>\n<\/div><\/div>\n\n\n\n<div class=\"wp-block-cover alignfull\" style=\"min-height:600px;aspect-ratio:unset;\"><span aria-hidden=\"true\" class=\"wp-block-cover__background has-neve-link-hover-color-background-color has-background-dim-100 has-background-dim\"><\/span><div class=\"wp-block-cover__inner-container is-layout-flow wp-block-cover-is-layout-flow\">\n<div class=\"wp-block-group\"><div class=\"wp-block-group__inner-container is-layout-flow wp-block-group-is-layout-flow\">\n<div style=\"height:80px\" aria-hidden=\"true\" class=\"wp-block-spacer\"><\/div>\n\n\n\n<div class=\"wp-block-columns are-vertically-aligned-center is-layout-flex wp-container-core-columns-is-layout-9d6595d7 wp-block-columns-is-layout-flex\">\n<div class=\"wp-block-column is-vertically-aligned-center is-layout-flow wp-block-column-is-layout-flow\" style=\"padding-right:var(--wp--preset--spacing--30);padding-left:var(--wp--preset--spacing--30);flex-basis:50%\">\n<h2 class=\"wp-block-heading has-nv-text-dark-bg-color has-text-color\"><strong>CJ Servicios Ltda. \u2013 Outsourcing<\/strong><\/h2>\n\n\n\n<p class=\"has-nv-text-dark-bg-color has-text-color\">Especializada en soluciones de outsourcing. Su objetivo es simplificar la administraci\u00f3n de los Recursos Humanos a trav\u00e9s de procesos confiables y eficientes, permitiendo que cada empresa cliente reduzca su carga administrativa y pueda concentrarse en el crecimiento y desarrollo de sus actividades estrat\u00e9gicas.<\/p>\n\n\n\n<div style=\"height:20px\" aria-hidden=\"true\" class=\"wp-block-spacer\"><\/div>\n\n\n\n<div class=\"wp-block-buttons has-custom-font-size has-small-font-size is-content-justification-left is-layout-flex wp-container-core-buttons-is-layout-fdcfc74e wp-block-buttons-is-layout-flex\"><\/div>\n\n\n\n<div style=\"height:20px\" aria-hidden=\"true\" class=\"wp-block-spacer\"><\/div>\n<\/div>\n\n\n\n<div class=\"wp-block-column is-vertically-aligned-center is-layout-flow wp-block-column-is-layout-flow\" style=\"padding-right:var(--wp--preset--spacing--30);padding-left:var(--wp--preset--spacing--30);flex-basis:50%\">\n<figure class=\"wp-block-image size-full has-custom-border\"><img loading=\"lazy\" decoding=\"async\" width=\"402\" height=\"403\" src=\"https:\/\/myggroup.cl\/wp-content\/uploads\/2025\/09\/Black-White-Elegant-Typography-Monogram-Logo.png\" alt=\"\" class=\"wp-image-37\" style=\"border-radius:16px\" srcset=\"https:\/\/myggroup.cl\/wp-content\/uploads\/2025\/09\/Black-White-Elegant-Typography-Monogram-Logo.png 402w, https:\/\/myggroup.cl\/wp-content\/uploads\/2025\/09\/Black-White-Elegant-Typography-Monogram-Logo-300x300.png 300w, https:\/\/myggroup.cl\/wp-content\/uploads\/2025\/09\/Black-White-Elegant-Typography-Monogram-Logo-150x150.png 150w\" sizes=\"auto, (max-width: 402px) 100vw, 402px\" \/><\/figure>\n<\/div>\n<\/div>\n\n\n\n<div style=\"height:40px\" aria-hidden=\"true\" class=\"wp-block-spacer\"><\/div>\n<\/div><\/div>\n<\/div><\/div>\n\n\n\n<div class=\"wp-block-cover alignfull\" style=\"min-height:420px;aspect-ratio:unset;\"><span aria-hidden=\"true\" class=\"wp-block-cover__background has-nv-site-bg-background-color has-background-dim-100 has-background-dim\"><\/span><div class=\"wp-block-cover__inner-container is-layout-flow wp-block-cover-is-layout-flow\">\n<div style=\"height:80px\" aria-hidden=\"true\" class=\"wp-block-spacer\"><\/div>\n\n\n\n<div class=\"wp-block-columns is-layout-flex wp-container-core-columns-is-layout-9d6595d7 wp-block-columns-is-layout-flex\">\n<div class=\"wp-block-column ticss-4ce656f1 is-layout-flow wp-block-column-is-layout-flow\" style=\"padding-right:var(--wp--preset--spacing--30);padding-left:var(--wp--preset--spacing--30)\"><div class=\"wp-block-image icon-style is-style-default\">\n<figure class=\"alignleft size-full is-resized\"><img loading=\"lazy\" decoding=\"async\" width=\"170\" height=\"177\" src=\"https:\/\/myggroup.cl\/wp-content\/uploads\/2025\/09\/Captura-de-pantalla-2025-09-20-214616.png\" alt=\"\" class=\"wp-image-38\" style=\"width:62px;height:auto\"\/><\/figure>\n<\/div>\n\n\n<div style=\"height:0px\" aria-hidden=\"true\" class=\"wp-block-spacer\"><\/div>\n\n\n\n<h3 class=\"wp-block-heading has-text-align-left has-text-align-center has-neve-text-color-color has-text-color\">Misi\u00f3n<\/h3>\n\n\n\n<p class=\"has-text-align-left has-neve-text-color-color has-text-color\">Buscar e implementar de manera constante soluciones integrales en el \u00e1mbito del outsourcing, dise\u00f1adas para superar las expectativas de nuestros clientes. Cada proceso se sustenta en valores s\u00f3lidos y en un alto nivel de profesionalismo, dentro de un ambiente laboral positivo que se refleja tanto en nuestras relaciones internas como en el servicio que entregamos hacia el exterior.<\/p>\n\n\n\n<div style=\"height:20px\" aria-hidden=\"true\" class=\"wp-block-spacer\"><\/div>\n<\/div>\n\n\n\n<div class=\"wp-block-column ticss-f6fc7494 is-layout-flow wp-block-column-is-layout-flow\" style=\"padding-right:var(--wp--preset--spacing--30);padding-left:var(--wp--preset--spacing--30)\">\n<figure class=\"wp-block-image size-full is-resized icon-style is-style-default\"><img loading=\"lazy\" decoding=\"async\" width=\"160\" height=\"157\" src=\"https:\/\/myggroup.cl\/wp-content\/uploads\/2025\/09\/Captura-de-pantalla-2025-09-20-215006.png\" alt=\"\" class=\"wp-image-39\" style=\"width:62px;height:auto\"\/><\/figure>\n\n\n\n<div style=\"height:2px\" aria-hidden=\"true\" class=\"wp-block-spacer\"><\/div>\n\n\n\n<h3 class=\"wp-block-heading has-text-align-left has-text-align-center has-neve-text-color-color has-text-color\">Visi\u00f3n<\/h3>\n\n\n\n<p class=\"has-text-align-left has-neve-text-color-color has-text-color\">Ser reconocidos como l\u00edderes en la entrega de soluciones integrales de outsourcing, desarrollando procesos de gesti\u00f3n con los m\u00e1s altos est\u00e1ndares de calidad, eficiencia, eficacia y confiabilidad, generando un impacto positivo y sostenible en nuestros clientes..<\/p>\n\n\n\n<div style=\"height:20px\" aria-hidden=\"true\" class=\"wp-block-spacer\"><\/div>\n<\/div>\n<\/div>\n\n\n\n<div style=\"height:30px\" aria-hidden=\"true\" class=\"wp-block-spacer\"><\/div>\n<\/div><\/div>\n","protected":false},"excerpt":{"rendered":"","protected":false},"author":1,"featured_media":0,"parent":0,"menu_order":0,"comment_status":"closed","ping_status":"closed","template":"","meta":{"neve_meta_sidebar":"","neve_meta_container":"","neve_meta_enable_content_width":"on","neve_meta_content_width":100,"neve_meta_title_alignment":"","neve_meta_author_avatar":"","neve_post_elements_order":"","neve_meta_disable_header":"","neve_meta_disable_footer":"","neve_meta_disable_title":"on","footnotes":""},"class_list":["post-11","page","type-page","status-publish","hentry"],"_links":{"self":[{"href":"https:\/\/myggroup.cl\/index.php\/wp-json\/wp\/v2\/pages\/11","targetHints":{"allow":["GET"]}}],"collection":[{"href":"https:\/\/myggroup.cl\/index.php\/wp-json\/wp\/v2\/pages"}],"about":[{"href":"https:\/\/myggroup.cl\/index.php\/wp-json\/wp\/v2\/types\/page"}],"author":[{"embeddable":true,"href":"https:\/\/myggroup.cl\/index.php\/wp-json\/wp\/v2\/users\/1"}],"replies":[{"embeddable":true,"href":"https:\/\/myggroup.cl\/index.php\/wp-json\/wp\/v2\/comments?post=11"}],"version-history":[{"count":3,"href":"https:\/\/myggroup.cl\/index.php\/wp-json\/wp\/v2\/pages\/11\/revisions"}],"predecessor-version":[{"id":57,"href":"https:\/\/myggroup.cl\/index.php\/wp-json\/wp\/v2\/pages\/11\/revisions\/57"}],"wp:attachment":[{"href":"https:\/\/myggroup.cl\/index.php\/wp-json\/wp\/v2\/media?parent=11"}],"curies":[{"name":"wp","href":"https:\/\/api.w.org\/{rel}","templated":true}]}}